{"id":24,"date":"2018-03-21T16:56:24","date_gmt":"2018-03-21T15:56:24","guid":{"rendered":"http:\/\/www.henribelbeoch.com\/artiste\/?page_id=24"},"modified":"2020-06-06T14:54:05","modified_gmt":"2020-06-06T12:54:05","slug":"biographie","status":"publish","type":"page","link":"https:\/\/www.henribelbeoch.com\/artiste\/biographie\/","title":{"rendered":"Biographie"},"content":{"rendered":"<p><img loading=\"lazy\" class=\"alignright size-full wp-image-26\" src=\"http:\/\/www.henribelbeoch.com\/artiste\/wp-content\/uploads\/2018\/03\/Henri_Belbeoch_portrait-450px.jpg\" alt=\"Portrait d'Henri Belb\u00e9oc'h\" width=\"250\" height=\"450\" srcset=\"https:\/\/www.henribelbeoch.com\/artiste\/wp-content\/uploads\/2018\/03\/Henri_Belbeoch_portrait-450px.jpg 250w, https:\/\/www.henribelbeoch.com\/artiste\/wp-content\/uploads\/2018\/03\/Henri_Belbeoch_portrait-450px-167x300.jpg 167w\" sizes=\"(max-width: 250px) 100vw, 250px\" \/><em><strong>Fils et petit fils de marin, je suis n\u00e9 \u00e0 Camaret sur Mer, bon sang ne saurait mentir\u00a0!<\/strong><\/em><\/p>\n<p>Comment ne pas se souvenir de cette jeunesse pass\u00e9e entre les chantiers navals et l&rsquo;effervescence d&rsquo;un port de p\u00eache en pleine activit\u00e9. Les chantiers camar\u00e9tois construisaient les c\u00e9l\u00e8bres \u00ab\u00a0langoustiers\u00a0\u00bb ainsi que des bateaux en tout genre. Alors, apr\u00e8s avoir \u00e9cout\u00e9 la critique implacable de mon p\u00e8re sur la ligne d&rsquo;un bateau, je me permet maintenant d&rsquo;appr\u00e9cier le travail du charpentier de marine et l&rsquo;\u00e9l\u00e9gance d&rsquo;un navire.<\/p>\n<p>Cette connaissance du monde maritime va naturellement me diriger en peinture, vers un style figuratif. Autodidacte, passionn\u00e9 par le dessin et la peinture, je parcours tous les coins de Bretagne en amoureux infatigable de cette r\u00e9gion. Fid\u00e8le au triskel que je ne saurais renier, mes tableaux racontent l&rsquo;eau,\u00a0l&rsquo;air, et la terre. La c\u00f4te betonne me permet de croquer ses paysages et de peindre la mer telle que je la vois. Cette Bretagne, terre de pr\u00e9dilection pour les peintres, offre de multiples variations de lumi\u00e8re o\u00f9 je puise mon inspiration. Je l&rsquo;exprime dans un style que je qualifie de \u00ab\u00a0figuratif moderne\u00a0\u00bb,au plus proche de ce que je ressens.<\/p>\n<p>Mes tableaux sont repr\u00e9sentatifs, bien qu&rsquo;ils ne soient pas r\u00e9alistes. Je travaille d&rsquo;abord en ext\u00e9rieur, en essayant de capter des sensations globales. Cette approche va du croquis, aux photos, toujours dans un souci du d\u00e9tail, en me fiant avant tout \u00e0 mon instinct et ma connaissance du sujet. Ensuite, \u00e0 l&rsquo;atelier mon travail est plus r\u00e9fl\u00e9chi, avec une approche plus calme et plus sereine. L&rsquo;ex\u00e9cution de l&rsquo;oeuvre est mieux contr\u00f4l\u00e9e au risque de la spontan\u00e9it\u00e9. J&rsquo;ai choisi comme m\u00e9dium, l&rsquo;acrylique, car je voulais une technique qui ne soit pas toxique ni pour moi, ni pour mon environnement, je manie toutes les techniques mais avec un certain niveau d&rsquo;expertise.<\/p>\n<p>Je pr\u00e9sente mon travail r\u00e9guli\u00e8rement dans des expositions personnelles, ou dans des Salons de peintures qui m&rsquo;ont permis d&rsquo;obtenir de nombreux prix. Je suis \u00e9galement Membre de l&rsquo;<span style=\"text-decoration: underline;\"><a href=\"http:\/\/www.academie-arts-sciences-mer.fr\" target=\"_blank\" rel=\"noopener\"><strong>Acad\u00e9mie des Arts &amp; Sciences de la Mer<\/strong><\/a><\/span> et M\u00e9daille d&rsquo;Argent des <strong>Arts, Sciences &amp; Lettres<\/strong>.<\/p>\n<p><span style=\"color: #6e6679;\"><a style=\"color: #6e6679;\" href=\"http:\/\/www.henribelbeoch.com\/artiste\/prix-et-distinctions\/\"><u><em><strong>Voir page suivante \u00ab\u00a0Prix et Distinctions\u00a0\u00bb<\/strong><\/em><\/u><\/a><\/span><\/p>\n<p>&nbsp;<\/p>\n<p><img loading=\"lazy\" class=\"aligncenter size-full wp-image-59\" src=\"http:\/\/www.henribelbeoch.com\/artiste\/wp-content\/uploads\/2018\/03\/atelier2-henri-belbeoch.jpg\" alt=\"L'atelier d'Henri Belb\u00e9oc'h\" width=\"926\" height=\"569\" srcset=\"https:\/\/www.henribelbeoch.com\/artiste\/wp-content\/uploads\/2018\/03\/atelier2-henri-belbeoch.jpg 926w, https:\/\/www.henribelbeoch.com\/artiste\/wp-content\/uploads\/2018\/03\/atelier2-henri-belbeoch-300x184.jpg 300w, https:\/\/www.henribelbeoch.com\/artiste\/wp-content\/uploads\/2018\/03\/atelier2-henri-belbeoch-768x472.jpg 768w\" sizes=\"(max-width: 926px) 100vw, 926px\" \/><\/p>\n","protected":false},"excerpt":{"rendered":"<p>Fils et petit fils de marin, je suis n\u00e9 \u00e0 Camaret sur Mer, bon sang ne saurait mentir\u00a0! Comment ne pas se souvenir de cette jeunesse pass\u00e9e entre les chantiers navals et l&rsquo;effervescence d&rsquo;un port de p\u00eache en pleine activit\u00e9. Les chantiers camar\u00e9tois construisaient les c\u00e9l\u00e8bres \u00ab\u00a0langoustiers\u00a0\u00bb ainsi que des bateaux en tout genre. Alors, [&hellip;]<\/p>\n","protected":false},"author":1,"featured_media":0,"parent":0,"menu_order":0,"comment_status":"closed","ping_status":"closed","template":"","meta":[],"_links":{"self":[{"href":"https:\/\/www.henribelbeoch.com\/artiste\/wp-json\/wp\/v2\/pages\/24"}],"collection":[{"href":"https:\/\/www.henribelbeoch.com\/artiste\/wp-json\/wp\/v2\/pages"}],"about":[{"href":"https:\/\/www.henribelbeoch.com\/artiste\/wp-json\/wp\/v2\/types\/page"}],"author":[{"embeddable":true,"href":"https:\/\/www.henribelbeoch.com\/artiste\/wp-json\/wp\/v2\/users\/1"}],"replies":[{"embeddable":true,"href":"https:\/\/www.henribelbeoch.com\/artiste\/wp-json\/wp\/v2\/comments?post=24"}],"version-history":[{"count":7,"href":"https:\/\/www.henribelbeoch.com\/artiste\/wp-json\/wp\/v2\/pages\/24\/revisions"}],"predecessor-version":[{"id":225,"href":"https:\/\/www.henribelbeoch.com\/artiste\/wp-json\/wp\/v2\/pages\/24\/revisions\/225"}],"wp:attachment":[{"href":"https:\/\/www.henribelbeoch.com\/artiste\/wp-json\/wp\/v2\/media?parent=24"}],"curies":[{"name":"wp","href":"https:\/\/api.w.org\/{rel}","templated":true}]}}